{"id":233,"date":"2020-12-03T00:44:16","date_gmt":"2020-12-03T00:44:16","guid":{"rendered":"http:\/\/securitemontreal.com\/beta\/?page_id=233"},"modified":"2020-12-03T01:01:11","modified_gmt":"2020-12-03T01:01:11","slug":"services","status":"publish","type":"page","link":"https:\/\/securitemontreal.com\/index.php\/services\/","title":{"rendered":"Services"},"content":{"rendered":"\n<p class=\"has-black-color has-gray-background-color has-text-color has-background\">Dans cette section, vous trouverez de l&rsquo;information g\u00e9n\u00e9rale sur les divers services offerts par Sylprotec en ce qui a trait aux \u00e9quipements de s\u00e9curit\u00e9 \u00e0 Montr\u00e9al et partout en province tels que: Extincteurs, Trousses Premiers soins, Boyaux d&rsquo;incendie, \u00c9clairage d&rsquo;urgence, Douches d&rsquo;urgence et plus encore.<br><br>Nous vous invitons \u00e0 choisir parmi le menu propos\u00e9 le ou les services relatifs aux \u00e9quipements de s\u00e9curit\u00e9 sur lesquels vous d\u00e9sirez savoir comment en prendre soins.<br><br>Veillez noter que dans ce site vous trouverez r\u00e9ponse \u00e0 toutes vos questions en ce qui a trait \u00e0 la vente et le service conseil des \u00e9quipements de s\u00e9curit\u00e9, les divers produits, la formation, les promotions, les nouveaut\u00e9s, notre catalogue en ligne ainsi que des t\u00e9moignages laiss\u00e9s par nos clients.<\/p>\n\n\n\n<hr class=\"wp-block-separator\"\/>\n\n\n<ul class=\"wp-block-latest-posts__list wp-block-latest-posts\"><li><a class=\"wp-block-latest-posts__post-title\" href=\"https:\/\/securitemontreal.com\/index.php\/2020\/12\/03\/eclairage-durgence-2\/\">Entretien et r\u00e9paration d&rsquo;\u00e9clairage d&rsquo;urgence<\/a><\/li>\n<li><a class=\"wp-block-latest-posts__post-title\" href=\"https:\/\/securitemontreal.com\/index.php\/2020\/11\/26\/extincteurs\/\">Inspection d&rsquo;extincteurs<\/a><\/li>\n<li><a class=\"wp-block-latest-posts__post-title\" href=\"https:\/\/securitemontreal.com\/index.php\/2020\/12\/03\/douches-durgence-2\/\">Inspection de douches d&rsquo;urgence<\/a><\/li>\n<li><a class=\"wp-block-latest-posts__post-title\" href=\"https:\/\/securitemontreal.com\/index.php\/2020\/12\/03\/boyaux-dincendie\/\">Inspection et entretien de boyaux d&rsquo;incendie<\/a><\/li>\n<li><a class=\"wp-block-latest-posts__post-title\" href=\"https:\/\/securitemontreal.com\/index.php\/2020\/12\/03\/trousses-de-premiers-soins-2\/\">Trousses de premiers soins<\/a><\/li>\n<\/ul>\n\n\n<p><\/p>\n","protected":false},"excerpt":{"rendered":"<p>Dans cette section, vous trouverez de l&rsquo;information g\u00e9n\u00e9rale sur les divers services offerts par Sylprotec en ce qui a trait aux \u00e9quipements de s\u00e9curit\u00e9 \u00e0&hellip;<a href=\"https:\/\/securitemontreal.com\/index.php\/services\/\" class=\"more-link\"><span class=\"more-button\">Information<span class=\"screen-reader-text\">Services<\/span><\/span><\/a><\/p>\n","protected":false},"author":1,"featured_media":0,"parent":0,"menu_order":0,"comment_status":"closed","ping_status":"closed","template":"","meta":{"footnotes":""},"class_list":["post-233","page","type-page","status-publish","hentry"],"_links":{"self":[{"href":"https:\/\/securitemontreal.com\/index.php\/wp-json\/wp\/v2\/pages\/233","targetHints":{"allow":["GET"]}}],"collection":[{"href":"https:\/\/securitemontreal.com\/index.php\/wp-json\/wp\/v2\/pages"}],"about":[{"href":"https:\/\/securitemontreal.com\/index.php\/wp-json\/wp\/v2\/types\/page"}],"author":[{"embeddable":true,"href":"https:\/\/securitemontreal.com\/index.php\/wp-json\/wp\/v2\/users\/1"}],"replies":[{"embeddable":true,"href":"https:\/\/securitemontreal.com\/index.php\/wp-json\/wp\/v2\/comments?post=233"}],"version-history":[{"count":2,"href":"https:\/\/securitemontreal.com\/index.php\/wp-json\/wp\/v2\/pages\/233\/revisions"}],"predecessor-version":[{"id":240,"href":"https:\/\/securitemontreal.com\/index.php\/wp-json\/wp\/v2\/pages\/233\/revisions\/240"}],"wp:attachment":[{"href":"https:\/\/securitemontreal.com\/index.php\/wp-json\/wp\/v2\/media?parent=233"}],"curies":[{"name":"wp","href":"https:\/\/api.w.org\/{rel}","templated":true}]}}